{"id":692,"date":"2018-07-25T15:09:46","date_gmt":"2018-07-25T18:09:46","guid":{"rendered":"https:\/\/inst226huertonogoya-ers.infd.edu.ar\/sitio\/?page_id=692"},"modified":"2022-09-01T22:23:43","modified_gmt":"2022-09-02T01:23:43","slug":"estudiantes","status":"publish","type":"page","link":"https:\/\/inst226huertonogoya-ers.infd.edu.ar\/sitio\/estudiantes\/","title":{"rendered":"Caracter\u00edsticas del Instituto"},"content":{"rendered":"\n<p>Caracterizaci\u00f3n del Instituto Superior \u201cNuestra Se\u00f1ora del Huerto\u201d D-266<\/p>\n\n\n\n<p>La Congregaci\u00f3n de las Hermanas del Huerto, titular del Instituto Superior \u201cNuestra Se\u00f1ora del Huerto\u201d D-226, cuya misi\u00f3n es evangelizar educando, nace en Italia en los albores del siglo XIX. El sacerdote diocesano Antonio Mar\u00eda Gianelli, fiel a un fuego apost\u00f3lico y respondiendo a las necesidades pastorales de una parroquia funda el 12 de enero de 1.829, funda as\u00ed el Instituto de Hijas de Mar\u00eda.<br>En su alocuci\u00f3n de 1.837 expresa el objetivo de su fundaci\u00f3n \u201c\u2026 la necesidad de procurar buenas maestras y directoras a las pobres huerfanitas sugiri\u00f3 la idea de fundar el Instituto de las Hijas de Mar\u00eda que, en atenci\u00f3n a la proximidad con el santuario de Nuestra Se\u00f1ora del Huerto de Chi\u00e1vari, fueron llamadas \u201cdel Huerto\u201d <\/p>\n\n\n\n<p>Cumpliendo con este objetivo la congregaci\u00f3n llega a nuestra ciudad fundando el nivel primario y posteriormente el nivel medio, cuyo fin fundamental fue formar maestras normales nacionales. Atento a los cambios y acorde a la pol\u00edtica nacional vigente se funda en 1.971 el Magisterio de Nivel superior, entonces \u00fanico agente de Formaci\u00f3n Docente para Nivel primario en la ciudad y zona.<br>Nuestra casa se ha dedicado a esta tarea por m\u00e1s de cincuenta a\u00f1os en forma ininterrumpida, desde la primera promoci\u00f3n de maestras normales en 1952 hasta el presente ciclo lectivo. En 1.971 se da comienzo al profesorado para el Nivel Elemental.<br>Acorde a las disposiciones vigentes era el \u00fanico abocado a esta tarea nucleando ciudades vecinas como Lucas Gonzales, Maci\u00e1, Rosario del Tala, Hern\u00e1ndez, etc. Por lo tanto, como Instituto de Nivel Superior este a\u00f1o cumplimos 51 a\u00f1os brindando calidez, prestigio, formaci\u00f3n integral, dependiendo desde el a\u00f1o 1.993 de la Direcci\u00f3n de Educaci\u00f3n de Gesti\u00f3n Privada del Consejo General de educaci\u00f3n de la Provincia.<br>Conforme a los lineamientos de la Ley Federal de Educaci\u00f3n y la Transformaci\u00f3n Curricular de la Provincia, funcion\u00f3 en el a\u00f1o 1.995 el curso de Pos-Grado en \u201cOrientaciones en Educaci\u00f3n sexual\u201d seg\u00fan Decreto 6979\/94, por una sola promoci\u00f3n. A partir de 1.996 se implement\u00f3 la carrera terciaria \u201cT\u00e9cnico en Conducci\u00f3n Educativa\u201d Decreto 720\/90, con gran repercusi\u00f3n y abundante matricula<br>en nuestra localidad. <br>Posteriormente tratando de satisfacer las demandas y necesidades de nuestra comunidad local, en el a\u00f1o 1.998, advirtiendo que en todos los \u00e1mbitos son cada vez m\u00e1s los ni\u00f1os en situaci\u00f3n de riesgo social, se ofrece en este Instituto la Carrera \u201cT\u00e9cnicos Docentes en Minoridad\u201d (Decreto 5770 M.G.J.E) a fin de lograr estrategias para el esclarecimiento de situaciones problem\u00e1ticas a las que se enfrenta un menor en riesgo. En el a\u00f1o 2.001 nos autorizan desde la Direcci\u00f3n de Educaci\u00f3n de Gesti\u00f3n Privada a matricular una nueva promoci\u00f3n de esta oferta, la cual culmina en el a\u00f1o 2.003.<br>En el mismo a\u00f1o obtuvimos la aprobaci\u00f3n del Pos t\u00edtulo \u201cEspecializaci\u00f3n superior en Docencia para Alumnos en Alto Riesgo Social\u201d, Resoluci\u00f3n 5356\/03 que se dict\u00f3 en el ciclo lectivo 2.004 y 2.005.<br>En el a\u00f1o 2.009, de acuerdo a los cambios propuestos en la Formaci\u00f3n Docente, se implementa el Primer a\u00f1o del Profesorado para la Educaci\u00f3n Primaria Resoluci\u00f3n 5420\/08 C.G.E. y su modificatoria Resoluci\u00f3n 3425\/09 C.G.E.<br>Teniendo en cuenta la trayectoria de nuestra Instituci\u00f3n que en forma continua ha tratado de dar respuestas a la demanda del entorno social, a partir del a\u00f1o 2012 se ofrece una nueva oferta educativa destinada a la formaci\u00f3n de T\u00e9cnicos Superiores en Gesti\u00f3n y Administraci\u00f3n Empresarial (Disp. 0713\/2011 DEGP y Res.1797\/2013 C.G.E.), que atendi\u00f3 a una importante cantidad de j\u00f3venes de Nogoy\u00e1 y zonas de influencia que buscaban perfeccionarse para obtener una salida laboral.<br>Se dict\u00f3 una cohorte, con reconocimiento pedag\u00f3gico pero sin lograr el reconocimiento econ\u00f3mico, raz\u00f3n por la que finaliz\u00f3 en el ciclo lectivo 2016.<br>En el a\u00f1o 2015 comenz\u00f3 a implementarse, de manera progresiva, el nuevo Plan de Estudio para el Profesorado de la Educaci\u00f3n Primaria Res 4170\/14. En el a\u00f1o 2018, culmin\u00f3 el cuarto a\u00f1o y el Plan volvi\u00f3 a modificarse a trav\u00e9s de la Resoluci\u00f3n N\u00ba 3519\/15 CGE , que es el Plan vigente en la actualidad.<br>Actualmente seguimos formando \u201cMAESTROS\u201d con mucho orgullo y dedicaci\u00f3n. <br>En el presente ciclo lectivo transitamos los 51 a\u00f1os de trayectoria de Formaci\u00f3n Docente, con un prestigio reconocido y valorado en nuestra Comunidad.<br>Fuimos pioneros y el \u00fanico Instituto Superior en Nogoy\u00e1 por muchos a\u00f1os. Nos distingue el nivel acad\u00e9mico, la continuidad en el dictado de clases sin interrupciones, la oferta de posibilidades educativas a los estudiantes que se concretan a trav\u00e9s de proyectos en instancias de formaci\u00f3n extracurricular, siempre vigentes, atentos y vigilantes a las necesidades.<\/p>\n\n\n\n<p>Contamos con un cuerpo profesional comprometido con su rol y la tarea de ense\u00f1ar m\u00e1s all\u00e1 del aula. Fomentamos el trabajo en equipo dentro de la Instituci\u00f3n e interinstitucionalmente, con diversos actores de la comunidad, abriendo canales de comunicaci\u00f3n y generando intercambios ricos en aprendizajes <\/p>\n\n\n\n<p>Los estudiantes tienen garantizada la culminaci\u00f3n a t\u00e9rmino de sus estudios y aquellos que por distintos motivos no lo logran tienen el seguimiento y acompa\u00f1amiento necesario para que logren sus objetivos, respetando sus tiempos y posibilidades.<br>M\u00e1s all\u00e1 de la matr\u00edcula, pensada en cantidad, apostamos a la calidad formativa caracterizada por un acompa\u00f1amiento personalizado de las trayectorias educativas de nuestros estudiantes, lo que lleva a un nivel muy bajo de deserci\u00f3n.<\/p>\n\n\n\n<p>El Instituto Superior Nuestra Se\u00f1ora del Huerto D 226 , \u00fanico Instituto Superior de las Hermanas de Huerto en Argentina , forjador de maestros de la misma Congregaci\u00f3n ofrece en Nogoy\u00e1 la formaci\u00f3n de docentes cat\u00f3licos, educadores cristianos, impregnados en las ense\u00f1anzas de nuestro Padre Fundador San Antonio Mar\u00eda Gianelli. Este sello nos distingue y a su vez nos diferencia de cualquier otro Plan de Formaci\u00f3n, aunque tenga la misma denominaci\u00f3n.<br>En nuestra localidad hay tres escuelas primarias confesionales que, a la hora de designar personal docente, priorizan a aquellos que tienen una formaci\u00f3n cat\u00f3lica.<br>Son esas escuelas las que valoran la formaci\u00f3n cristiana y las que suelen abrir sus puertas a nuestros egresados, situaci\u00f3n que constituye un privilegio para nuestros estudiantes y que los estimula al compromiso y dedicaci\u00f3n.<br>Optar por una formaci\u00f3n cristiana es un derecho y una posibilidad que nuestro Instituto Formador ofrece a la Comunidad.<br>La realidad compleja, de nuestro pa\u00eds y del mundo, nos interpela a seguir ofreciendo una formaci\u00f3n docente de calidad, sostenida en la excelencia acad\u00e9mica y la formaci\u00f3n Cristiana. Formaci\u00f3n que defina a maestros responsables y comprometidos con la sublime tarea de educar, formaci\u00f3n respetuosa de las diferencias y generadora de v\u00ednculos pedag\u00f3gicos que sostienen y orientan el ser docente.<\/p>\n","protected":false},"excerpt":{"rendered":"<p>Caracterizaci\u00f3n del Instituto Superior \u201cNuestra Se\u00f1ora del Huerto\u201d D-266 La Congregaci\u00f3n de las Hermanas del Huerto, titular del Instituto Superior \u201cNuestra Se\u00f1ora del Huerto\u201d D-226, cuya misi\u00f3n es evangelizar educando, nace en Italia en los albores del siglo XIX. El sacerdote diocesano Antonio Mar\u00eda Gianelli, fiel a un fuego apost\u00f3lico y respondiendo a las necesidades &#8230; <a title=\"Caracter\u00edsticas del Instituto\" class=\"read-more\" href=\"https:\/\/inst226huertonogoya-ers.infd.edu.ar\/sitio\/estudiantes\/\" aria-label=\"More on Caracter\u00edsticas del Instituto\">[+]<\/a><\/p>\n","protected":false},"author":6,"featured_media":0,"parent":0,"menu_order":0,"comment_status":"closed","ping_status":"closed","template":"","meta":[],"acf":[],"_links":{"self":[{"href":"https:\/\/inst226huertonogoya-ers.infd.edu.ar\/sitio\/wp-json\/wp\/v2\/pages\/692"}],"collection":[{"href":"https:\/\/inst226huertonogoya-ers.infd.edu.ar\/sitio\/wp-json\/wp\/v2\/pages"}],"about":[{"href":"https:\/\/inst226huertonogoya-ers.infd.edu.ar\/sitio\/wp-json\/wp\/v2\/types\/page"}],"author":[{"embeddable":true,"href":"https:\/\/inst226huertonogoya-ers.infd.edu.ar\/sitio\/wp-json\/wp\/v2\/users\/6"}],"replies":[{"embeddable":true,"href":"https:\/\/inst226huertonogoya-ers.infd.edu.ar\/sitio\/wp-json\/wp\/v2\/comments?post=692"}],"version-history":[{"count":3,"href":"https:\/\/inst226huertonogoya-ers.infd.edu.ar\/sitio\/wp-json\/wp\/v2\/pages\/692\/revisions"}],"predecessor-version":[{"id":813,"href":"https:\/\/inst226huertonogoya-ers.infd.edu.ar\/sitio\/wp-json\/wp\/v2\/pages\/692\/revisions\/813"}],"wp:attachment":[{"href":"https:\/\/inst226huertonogoya-ers.infd.edu.ar\/sitio\/wp-json\/wp\/v2\/media?parent=692"}],"curies":[{"name":"wp","href":"https:\/\/api.w.org\/{rel}","templated":true}]}}