{"id":683,"date":"2018-07-25T15:06:14","date_gmt":"2018-07-25T18:06:14","guid":{"rendered":"https:\/\/inst226huertonogoya-ers.infd.edu.ar\/sitio\/?page_id=683"},"modified":"2022-09-01T22:24:10","modified_gmt":"2022-09-02T01:24:10","slug":"institucional","status":"publish","type":"page","link":"https:\/\/inst226huertonogoya-ers.infd.edu.ar\/sitio\/institucional\/","title":{"rendered":"El Instituto"},"content":{"rendered":"\n<p><strong><em>Historia del Profesorado del Instituto \u201cNuestra Se\u00f1ora del Huerto\u201d<\/em><\/strong><\/p>\n\n\n\n<p>El d\u00eda 5 de marzo de 1971 se re\u00fanen en el establecimiento \u201cpor primera vez la Hermana Rectora y Coordinadora del Profesorado de Nivel Elemental con el posible personal docente del mismo\u201d (as\u00ed consta en el Acta N\u00b0 2 del Libro de Actas), con objetivos bien<br>definidos:<br>a) Leer los lineamientos b\u00e1sicos para la organizaci\u00f3n del Profesorado (Res. 2321\/70 y Disposici\u00f3n 002206\/70)<br>b) Distribuci\u00f3n de Asignaturas y entrega de elementos de trabajo, quedando los siguientes nombramientos interinos por un a\u00f1o:<\/p>\n\n\n\n<ul><li>Teor\u00eda del Aprendizaje: Srta. Margarita Chaparro.<\/li><li>Teor\u00eda de la Educaci\u00f3n: Srta. Silvia In\u00e9s Sbarbati.<\/li><li>Elementos de Filosof\u00eda: Sr. Felipe Regner.<\/li><li>Lengua y Literatura: Sra. Ma. Luisa San Pedro de Cornago.<\/li><li>Ciencias Sociales: Srta. Juana C. Aladio.<\/li><li>Teolog\u00eda: Hna Catalina Kloster<\/li><li>Psicolog\u00eda Evolutiva: vacante<br>c) Organizaci\u00f3n de los puntos b\u00e1sicos a estudiarse para la redacci\u00f3n de Curr\u00edculo del profesorado.<\/li><\/ul>\n\n\n\n<p>Posteriormente, el d\u00eda 23 de marzo se re\u00fanen nuevamente con la finalidad de redactar provisoriamente el Curr\u00edculum para ser elevado para su posterior aprobaci\u00f3n a la Superintendencia Nacional de Ense\u00f1anza Privada, con los siguientes puntos:<\/p>\n\n\n\n<ul><li>Fundamentaci\u00f3n Pedag\u00f3gico-Teol\u00f3gico del Instituto.<\/li><li>Situaci\u00f3n Diagn\u00f3stica.<\/li><li>Perfil profesional y objetivos.<\/li><li>Organizaci\u00f3n para el logro de las metas.<br>Adem\u00e1s se trata el tema econ\u00f3mico y se decide nombrar como Tesorera a la Srta. Esperanza Pizzio.<\/li><\/ul>\n\n\n\n<p>El PROFESORADO PARA NIVEL ELEMENTAL (as\u00ed se denominaba en ese entonces), abre sus puertas a la comunidad de Nogoy\u00e1 el d\u00eda 13 de Abril de 1971 con una Misa celebrada por el Arzobispo de Paran\u00e1, Monse\u00f1or Adolfo Tortolo, luego un Acto Acad\u00e9mico al cual<br>concurrieron varias autoridades de la localidad y p\u00fablico en general.<\/p>\n\n\n\n<p>La siguiente reuni\u00f3n de personal se realiza el d\u00eda 31 de Mayo para tratar los siguientes temas:<\/p>\n\n\n\n<ul><li>Evoluci\u00f3n de la tarea realizada hasta el momento.<\/li><li>Primer examen parcial(el cual se realiz\u00f3 en la primera quincena de Junio)<\/li><li>Escala de calificaci\u00f3n (para el primer parcial se decidi\u00f3 que iba a ser por concepto, pero como iba a ocasionar problemas con el t\u00edtulo, se decidi\u00f3 colocar tambi\u00e9n una tabla num\u00e9rica)<\/li><li>Sugerencias concretas para el futuro.<\/li><\/ul>\n\n\n\n<p><\/p>\n","protected":false},"excerpt":{"rendered":"<p>Historia del Profesorado del Instituto \u201cNuestra Se\u00f1ora del Huerto\u201d El d\u00eda 5 de marzo de 1971 se re\u00fanen en el establecimiento \u201cpor primera vez la Hermana Rectora y Coordinadora del Profesorado de Nivel Elemental con el posible personal docente del mismo\u201d (as\u00ed consta en el Acta N\u00b0 2 del Libro de Actas), con objetivos biendefinidos:a) &#8230; <a title=\"El Instituto\" class=\"read-more\" href=\"https:\/\/inst226huertonogoya-ers.infd.edu.ar\/sitio\/institucional\/\" aria-label=\"More on El Instituto\">[+]<\/a><\/p>\n","protected":false},"author":6,"featured_media":0,"parent":0,"menu_order":0,"comment_status":"closed","ping_status":"closed","template":"","meta":[],"acf":[],"_links":{"self":[{"href":"https:\/\/inst226huertonogoya-ers.infd.edu.ar\/sitio\/wp-json\/wp\/v2\/pages\/683"}],"collection":[{"href":"https:\/\/inst226huertonogoya-ers.infd.edu.ar\/sitio\/wp-json\/wp\/v2\/pages"}],"about":[{"href":"https:\/\/inst226huertonogoya-ers.infd.edu.ar\/sitio\/wp-json\/wp\/v2\/types\/page"}],"author":[{"embeddable":true,"href":"https:\/\/inst226huertonogoya-ers.infd.edu.ar\/sitio\/wp-json\/wp\/v2\/users\/6"}],"replies":[{"embeddable":true,"href":"https:\/\/inst226huertonogoya-ers.infd.edu.ar\/sitio\/wp-json\/wp\/v2\/comments?post=683"}],"version-history":[{"count":6,"href":"https:\/\/inst226huertonogoya-ers.infd.edu.ar\/sitio\/wp-json\/wp\/v2\/pages\/683\/revisions"}],"predecessor-version":[{"id":811,"href":"https:\/\/inst226huertonogoya-ers.infd.edu.ar\/sitio\/wp-json\/wp\/v2\/pages\/683\/revisions\/811"}],"wp:attachment":[{"href":"https:\/\/inst226huertonogoya-ers.infd.edu.ar\/sitio\/wp-json\/wp\/v2\/media?parent=683"}],"curies":[{"name":"wp","href":"https:\/\/api.w.org\/{rel}","templated":true}]}}